{"id":13993,"date":"2021-04-13T21:23:18","date_gmt":"2021-04-13T21:23:18","guid":{"rendered":"https:\/\/www.arthillecovillas.com\/?page_id=13993"},"modified":"2022-10-25T08:03:40","modified_gmt":"2022-10-25T08:03:40","slug":"arthill-eco-villas","status":"publish","type":"page","link":"https:\/\/www.arthillecovillas.com\/de\/","title":{"rendered":"ArtHill eco villas"},"content":{"rendered":"<p><span style=\"color: #4ebd88;\">Einfach ist sch\u00f6n!<\/span>\u00a0&#8222;Wir k\u00f6nnen es kaum erwarten, Sie mit einer gro\u00dfen Portion Philoxenie in unserer wundersch\u00f6nen Ecke Griechenlands willkommen zu hei\u00dfen&#8220;.<\/p>\n","protected":false},"excerpt":{"rendered":"<p>Einfach ist sch\u00f6n!\u00a0&#8222;Wir k\u00f6nnen es kaum erwarten, Sie mit einer gro\u00dfen Portion Philoxenie in unserer wundersch\u00f6nen Ecke Griechenlands willkommen zu hei\u00dfen&#8220;.<\/p>\n","protected":false},"author":3,"featured_media":14193,"parent":0,"menu_order":0,"comment_status":"closed","ping_status":"closed","template":"templates\/homepage.php","meta":{"footnotes":""},"class_list":["post-13993","page","type-page","status-publish","has-post-thumbnail","hentry"],"acf":[],"yoast_head":"<!-- This site is optimized with the Yoast SEO plugin v27.0 - https:\/\/yoast.com\/product\/yoast-seo-wordpress\/ -->\n<title>ArtHill eco villas &#8211; Villen in Chalkidiki mit privatem Pool<\/title>\n<meta name=\"description\" content=\"In den umweltbewussten Villen auf Chalkidiki kannst du deinem Alltag entfliehen, die entspannende Stille genie\u00dfen und neue Energie tanken!\" \/>\n<meta name=\"robots\" content=\"index, follow, max-snippet:-1, max-image-preview:large, max-video-preview:-1\" \/>\n<link rel=\"canonical\" href=\"https:\/\/www.arthillecovillas.com\/de\/\" \/>\n<meta property=\"og:locale\" content=\"de_DE\" \/>\n<meta property=\"og:type\" content=\"article\" \/>\n<meta property=\"og:title\" content=\"ArtHill eco villas &#8211; Villen in Chalkidiki mit privatem Pool\" \/>\n<meta property=\"og:description\" content=\"In den umweltbewussten Villen auf Chalkidiki kannst du deinem Alltag entfliehen, die entspannende Stille genie\u00dfen und neue Energie tanken!\" \/>\n<meta property=\"og:url\" content=\"https:\/\/www.arthillecovillas.com\/de\/\" \/>\n<meta property=\"og:site_name\" content=\"Arthillecovillas.com\" \/>\n<meta property=\"article:publisher\" content=\"https:\/\/www.facebook.com\/arthillecovillas\" \/>\n<meta property=\"article:modified_time\" content=\"2022-10-25T08:03:40+00:00\" \/>\n<meta property=\"og:image\" content=\"https:\/\/www.arthillecovillas.com\/wp-content\/uploads\/2021\/05\/artihill_default_og_image.jpg\" \/>\n\t<meta property=\"og:image:width\" content=\"1200\" \/>\n\t<meta property=\"og:image:height\" content=\"630\" \/>\n\t<meta property=\"og:image:type\" content=\"image\/jpeg\" \/>\n<meta name=\"twitter:card\" content=\"summary_large_image\" \/>\n<script type=\"application\/ld+json\" class=\"yoast-schema-graph\">{\"@context\":\"https:\/\/schema.org\",\"@graph\":[{\"@type\":\"WebPage\",\"@id\":\"https:\/\/www.arthillecovillas.com\/de\/\",\"url\":\"https:\/\/www.arthillecovillas.com\/de\/\",\"name\":\"ArtHill eco villas &#8211; Villen in Chalkidiki mit privatem Pool\",\"isPartOf\":{\"@id\":\"https:\/\/www.arthillecovillas.com\/de\/#website\"},\"primaryImageOfPage\":{\"@id\":\"https:\/\/www.arthillecovillas.com\/de\/#primaryimage\"},\"image\":{\"@id\":\"https:\/\/www.arthillecovillas.com\/de\/#primaryimage\"},\"thumbnailUrl\":\"https:\/\/www.arthillecovillas.com\/wp-content\/uploads\/2021\/04\/IMG_2651-min.jpg\",\"datePublished\":\"2021-04-13T21:23:18+00:00\",\"dateModified\":\"2022-10-25T08:03:40+00:00\",\"description\":\"In den umweltbewussten Villen auf Chalkidiki kannst du deinem Alltag entfliehen, die entspannende Stille genie\u00dfen und neue Energie tanken!\",\"breadcrumb\":{\"@id\":\"https:\/\/www.arthillecovillas.com\/de\/#breadcrumb\"},\"inLanguage\":\"de\",\"potentialAction\":[{\"@type\":\"ReadAction\",\"target\":[\"https:\/\/www.arthillecovillas.com\/de\/\"]}]},{\"@type\":\"ImageObject\",\"inLanguage\":\"de\",\"@id\":\"https:\/\/www.arthillecovillas.com\/de\/#primaryimage\",\"url\":\"https:\/\/www.arthillecovillas.com\/wp-content\/uploads\/2021\/04\/IMG_2651-min.jpg\",\"contentUrl\":\"https:\/\/www.arthillecovillas.com\/wp-content\/uploads\/2021\/04\/IMG_2651-min.jpg\",\"width\":1600,\"height\":900},{\"@type\":\"BreadcrumbList\",\"@id\":\"https:\/\/www.arthillecovillas.com\/de\/#breadcrumb\",\"itemListElement\":[{\"@type\":\"ListItem\",\"position\":1,\"name\":\"Home\",\"item\":\"https:\/\/www.arthillecovillas.com\/de\/\"},{\"@type\":\"ListItem\",\"position\":2,\"name\":\"ArtHill eco villas\"}]},{\"@type\":\"WebSite\",\"@id\":\"https:\/\/www.arthillecovillas.com\/de\/#website\",\"url\":\"https:\/\/www.arthillecovillas.com\/de\/\",\"name\":\"Arthillecovillas.com\",\"description\":\"Our future depends on what we do today and ArtHill eco villas offer an eco-friendlier living while on vacation.\",\"publisher\":{\"@id\":\"https:\/\/www.arthillecovillas.com\/de\/#organization\"},\"potentialAction\":[{\"@type\":\"SearchAction\",\"target\":{\"@type\":\"EntryPoint\",\"urlTemplate\":\"https:\/\/www.arthillecovillas.com\/de\/?s={search_term_string}\"},\"query-input\":{\"@type\":\"PropertyValueSpecification\",\"valueRequired\":true,\"valueName\":\"search_term_string\"}}],\"inLanguage\":\"de\"},{\"@type\":\"Organization\",\"@id\":\"https:\/\/www.arthillecovillas.com\/de\/#organization\",\"name\":\"Art Hill Eco Villas\",\"url\":\"https:\/\/www.arthillecovillas.com\/de\/\",\"logo\":{\"@type\":\"ImageObject\",\"inLanguage\":\"de\",\"@id\":\"https:\/\/www.arthillecovillas.com\/de\/#\/schema\/logo\/image\/\",\"url\":\"\",\"contentUrl\":\"\",\"caption\":\"Art Hill Eco Villas\"},\"image\":{\"@id\":\"https:\/\/www.arthillecovillas.com\/de\/#\/schema\/logo\/image\/\"},\"sameAs\":[\"https:\/\/www.facebook.com\/arthillecovillas\",\"https:\/\/www.instagram.com\/arthillecovillas\"]}]}<\/script>\n<!-- \/ Yoast SEO plugin. -->","yoast_head_json":{"title":"ArtHill eco villas &#8211; Villen in Chalkidiki mit privatem Pool","description":"In den umweltbewussten Villen auf Chalkidiki kannst du deinem Alltag entfliehen, die entspannende Stille genie\u00dfen und neue Energie tanken!","robots":{"index":"index","follow":"follow","max-snippet":"max-snippet:-1","max-image-preview":"max-image-preview:large","max-video-preview":"max-video-preview:-1"},"canonical":"https:\/\/www.arthillecovillas.com\/de\/","og_locale":"de_DE","og_type":"article","og_title":"ArtHill eco villas &#8211; Villen in Chalkidiki mit privatem Pool","og_description":"In den umweltbewussten Villen auf Chalkidiki kannst du deinem Alltag entfliehen, die entspannende Stille genie\u00dfen und neue Energie tanken!","og_url":"https:\/\/www.arthillecovillas.com\/de\/","og_site_name":"Arthillecovillas.com","article_publisher":"https:\/\/www.facebook.com\/arthillecovillas","article_modified_time":"2022-10-25T08:03:40+00:00","og_image":[{"width":1200,"height":630,"url":"https:\/\/www.arthillecovillas.com\/wp-content\/uploads\/2021\/05\/artihill_default_og_image.jpg","type":"image\/jpeg"}],"twitter_card":"summary_large_image","schema":{"@context":"https:\/\/schema.org","@graph":[{"@type":"WebPage","@id":"https:\/\/www.arthillecovillas.com\/de\/","url":"https:\/\/www.arthillecovillas.com\/de\/","name":"ArtHill eco villas &#8211; Villen in Chalkidiki mit privatem Pool","isPartOf":{"@id":"https:\/\/www.arthillecovillas.com\/de\/#website"},"primaryImageOfPage":{"@id":"https:\/\/www.arthillecovillas.com\/de\/#primaryimage"},"image":{"@id":"https:\/\/www.arthillecovillas.com\/de\/#primaryimage"},"thumbnailUrl":"https:\/\/www.arthillecovillas.com\/wp-content\/uploads\/2021\/04\/IMG_2651-min.jpg","datePublished":"2021-04-13T21:23:18+00:00","dateModified":"2022-10-25T08:03:40+00:00","description":"In den umweltbewussten Villen auf Chalkidiki kannst du deinem Alltag entfliehen, die entspannende Stille genie\u00dfen und neue Energie tanken!","breadcrumb":{"@id":"https:\/\/www.arthillecovillas.com\/de\/#breadcrumb"},"inLanguage":"de","potentialAction":[{"@type":"ReadAction","target":["https:\/\/www.arthillecovillas.com\/de\/"]}]},{"@type":"ImageObject","inLanguage":"de","@id":"https:\/\/www.arthillecovillas.com\/de\/#primaryimage","url":"https:\/\/www.arthillecovillas.com\/wp-content\/uploads\/2021\/04\/IMG_2651-min.jpg","contentUrl":"https:\/\/www.arthillecovillas.com\/wp-content\/uploads\/2021\/04\/IMG_2651-min.jpg","width":1600,"height":900},{"@type":"BreadcrumbList","@id":"https:\/\/www.arthillecovillas.com\/de\/#breadcrumb","itemListElement":[{"@type":"ListItem","position":1,"name":"Home","item":"https:\/\/www.arthillecovillas.com\/de\/"},{"@type":"ListItem","position":2,"name":"ArtHill eco villas"}]},{"@type":"WebSite","@id":"https:\/\/www.arthillecovillas.com\/de\/#website","url":"https:\/\/www.arthillecovillas.com\/de\/","name":"Arthillecovillas.com","description":"Our future depends on what we do today and ArtHill eco villas offer an eco-friendlier living while on vacation.","publisher":{"@id":"https:\/\/www.arthillecovillas.com\/de\/#organization"},"potentialAction":[{"@type":"SearchAction","target":{"@type":"EntryPoint","urlTemplate":"https:\/\/www.arthillecovillas.com\/de\/?s={search_term_string}"},"query-input":{"@type":"PropertyValueSpecification","valueRequired":true,"valueName":"search_term_string"}}],"inLanguage":"de"},{"@type":"Organization","@id":"https:\/\/www.arthillecovillas.com\/de\/#organization","name":"Art Hill Eco Villas","url":"https:\/\/www.arthillecovillas.com\/de\/","logo":{"@type":"ImageObject","inLanguage":"de","@id":"https:\/\/www.arthillecovillas.com\/de\/#\/schema\/logo\/image\/","url":"","contentUrl":"","caption":"Art Hill Eco Villas"},"image":{"@id":"https:\/\/www.arthillecovillas.com\/de\/#\/schema\/logo\/image\/"},"sameAs":["https:\/\/www.facebook.com\/arthillecovillas","https:\/\/www.instagram.com\/arthillecovillas"]}]}},"_links":{"self":[{"href":"https:\/\/www.arthillecovillas.com\/de\/wp-json\/wp\/v2\/pages\/13993","targetHints":{"allow":["GET"]}}],"collection":[{"href":"https:\/\/www.arthillecovillas.com\/de\/wp-json\/wp\/v2\/pages"}],"about":[{"href":"https:\/\/www.arthillecovillas.com\/de\/wp-json\/wp\/v2\/types\/page"}],"author":[{"embeddable":true,"href":"https:\/\/www.arthillecovillas.com\/de\/wp-json\/wp\/v2\/users\/3"}],"replies":[{"embeddable":true,"href":"https:\/\/www.arthillecovillas.com\/de\/wp-json\/wp\/v2\/comments?post=13993"}],"version-history":[{"count":1,"href":"https:\/\/www.arthillecovillas.com\/de\/wp-json\/wp\/v2\/pages\/13993\/revisions"}],"predecessor-version":[{"id":13994,"href":"https:\/\/www.arthillecovillas.com\/de\/wp-json\/wp\/v2\/pages\/13993\/revisions\/13994"}],"wp:featuredmedia":[{"embeddable":true,"href":"https:\/\/www.arthillecovillas.com\/de\/wp-json\/wp\/v2\/media\/14193"}],"wp:attachment":[{"href":"https:\/\/www.arthillecovillas.com\/de\/wp-json\/wp\/v2\/media?parent=13993"}],"curies":[{"name":"wp","href":"https:\/\/api.w.org\/{rel}","templated":true}]}}